{"id":3860,"date":"2025-12-21T21:39:53","date_gmt":"2025-12-21T21:39:53","guid":{"rendered":"https:\/\/subject157.com\/?post_type=product&#038;p=3860"},"modified":"2026-01-10T20:40:48","modified_gmt":"2026-01-10T20:40:48","slug":"ebook-initiation-protocol","status":"publish","type":"product","link":"https:\/\/subject157.com\/de\/producto\/e-book-initiierungsprotokoll\/","title":{"rendered":"Subject157: DAS INITIATIONSPROTOKOLL"},"content":{"rendered":"<div class=\"s157-dark-ops-container\">\n<div class=\"s157-inner-box\">\n<div style=\"text-align: center;\"><span class=\"s157-hero-badge\">\u26a1 SOFORTIGER ZUGANG V14<\/span><\/p>\n<h1 class=\"s157-hero-title\">Protokoll zur biologischen Sicherheit.<br \/>\nKeine Annahmen.<\/h1>\n<\/div>\n<div class=\"s157-intel-report\"><span class=\"s157-intel-label\">\ud83d\udee1\ufe0f TECHNISCHES AUDIT S157<\/span><\/p>\n<p class=\"s157-intel-text\">\"Dieses Material ist eine Kategorie f\u00fcr sich. Die Beachtung von Sicherheitsdetails - von der Vermeidung t\u00f6dlicher mathematischer Fehler bis hin zur HPLC-Reinheitspr\u00fcfung - ist der Unterschied zwischen dem Spielen von russischem Roulette und dem Betreiben von Wissenschaft. Es ist ein Meisterwerk der Schadensbegrenzung.\"<\/p>\n<\/div>\n<div class=\"s157-danger-box\">\n<div class=\"s157-danger-title\">\u26a0\ufe0e KENNEN SIE DEN UNTERSCHIED ZWISCHEN U-40 UND U-100?<\/div>\n<p class=\"s157-danger-text\">Die meisten \u00dcberdosierungsfehler passieren hier. Die Verwendung einer falschen Spritze oder eine falsche Berechnung des bakteriostatischen Wassers f\u00fchrt zu einer <strong>2.5x Dosisfehler<\/strong>.<\/p>\n<p>Das Subject 157 umfasst <strong>Ausfallsichere Umrechnungstabellen<\/strong>. Sie m\u00fcssen sich nie wieder fragen, ob Sie 250mcg oder 2,5mg spritzen. Das Rechnen ist f\u00fcr Sie erledigt.<\/p>\n<\/div>\n<div class=\"s157-arsenal-grid\">\n<div class=\"s157-arsenal-card\">\n<div class=\"s157-card-head\"><span style=\"font-size: 18px;\">\ud83e\uddb4<\/span> Wolverine-Protokoll<\/div>\n<div class=\"s157-card-desc\">BPC-157 + TB-500. Die exakte Matrix f\u00fcr die Wiederherstellung von Weichteilen und Sehnen.<\/div>\n<\/div>\n<div class=\"s157-arsenal-card\">\n<div class=\"s157-card-head\"><span style=\"font-size: 18px;\">\ud83e\udde0<\/span> Grenzenloser Geist<\/div>\n<div class=\"s157-card-desc\">Semax und Selank. Anhaltende Konzentration und keine Unruhe ohne Koffeinabsturz.<\/div>\n<\/div>\n<div class=\"s157-arsenal-card\">\n<div class=\"s157-card-head\"><span style=\"font-size: 18px;\">\u2728<\/span> Glow-Protokoll<\/div>\n<div class=\"s157-card-desc\">GHK-Cu ohne Schmerzen. Das Geheimnis der Verd\u00fcnnung f\u00fcr \u00e4sthetische Vorteile ohne Brennen.<\/div>\n<\/div>\n<div class=\"s157-arsenal-card\">\n<div class=\"s157-card-head\"><span style=\"font-size: 18px;\">\ud83d\udd25<\/span> Management des Stoffwechsels<\/div>\n<div class=\"s157-card-desc\">Tirzepatid &amp; Retatrutid. Dosis-Titration zur Fettverbrennung ohne \u00dcbelkeit.<\/div>\n<\/div>\n<div class=\"s157-arsenal-card\">\n<div class=\"s157-card-head\"><span style=\"font-size: 18px;\">\ud83d\udd2c<\/span> Labor-Validierung<\/div>\n<div class=\"s157-card-desc\">Wie man HPLC-Tests (Janoshik) liest und Schwermetalle oder Unterdosierungen erkennt.<\/div>\n<\/div>\n<div class=\"s157-arsenal-card\">\n<div class=\"s157-card-head\"><span style=\"font-size: 18px;\">\u26d4<\/span> Rote Zone<\/div>\n<div class=\"s157-card-desc\">Onkologische Risiken und versteckte Kontraindikationen. Der Sicherheits-Kill-Switch.<\/div>\n<\/div>\n<\/div>\n<div class=\"s157-module-box\">\n<h3 class=\"s157-module-title\">UND VIELES MEHR IM HANDBUCH...<\/h3>\n<div class=\"s157-check-list\">\n<div class=\"s157-check-item\"><span class=\"s157-check-icon\">\u2713<\/span> Langlebigkeits-Protokoll (Epitalon)<\/div>\n<div class=\"s157-check-item\"><span class=\"s157-check-icon\">\u2713<\/span> Bioenergetik (SS-31 \/ MOTS-c)<\/div>\n<div class=\"s157-check-item\"><span class=\"s157-check-icon\">\u2713<\/span> Leitfaden f\u00fcr bakteriostatisches Wasser<\/div>\n<div class=\"s157-check-item\"><span class=\"s157-check-icon\">\u2713<\/span> Checklisten f\u00fcr die Hygiene vor dem Flug<\/div>\n<div class=\"s157-check-item\"><span class=\"s157-check-icon\">\u2713<\/span> Lagerung und Abbau<\/div>\n<div class=\"s157-check-item\"><span class=\"s157-check-icon\">\u2713<\/span> Leitfaden f\u00fcr Nadeln und Spritzen<\/div>\n<div class=\"s157-check-item\"><span class=\"s157-check-icon\">\u2713<\/span> Anatomie der SubQ-Injektion<\/div>\n<div class=\"s157-check-item\"><span class=\"s157-check-icon\">\u2713<\/span> Umgang mit Nebenwirkungen<\/div>\n<\/div>\n<\/div>\n<div class=\"s157-logic-box\">\n<div class=\"s157-logic-text\"><span class=\"s157-logic-title\">Warum sollten Sie Ihre Gesundheit riskieren?<\/span><br \/>\n<span class=\"s157-logic-sub\">Die Anleitung kostet weniger, als eine Flasche wegen eines Mischfehlers zu ruinieren.<\/span><\/div>\n<div class=\"s157-logic-math\">\n<div>\n<div class=\"s157-price-strike\">\u20ac45.00<\/div>\n<div style=\"font-size: 9px; color: #ff5555;\">(1 Flasche)<\/div>\n<\/div>\n<div style=\"color: #555;\">gegen<\/div>\n<div>\n<div class=\"s157-price-final\">\u20ac29.90<\/div>\n<div style=\"font-size: 9px; color: #00ff88;\">(Lebenszeit)<\/div>\n<\/div>\n<\/div>\n<\/div>\n<div style=\"text-align: center; margin-top: 15px; font-size: 10px; color: #555; letter-spacing: 1px;\">ENTH\u00c4LT: MASTER-PDF + RECHNER + MOBILE CHECKLISTEN<\/div>\n<\/div>\n<\/div>","protected":false},"excerpt":{"rendered":"<div style=\"border: 1px solid #e5e5e5; border-radius: 8px; overflow: hidden; font-family: -apple-system, BlinkMacSystemFont, 'Segoe UI', Roboto, Helvetica, Arial, sans-serif;\">\n<div style=\"background: #f5f5f7; padding: 8px 12px; display: flex; justify-content: space-between; align-items: center; border-bottom: 1px solid #e5e5e5;\"><span style=\"font-size: 10px; font-weight: 800; color: #1d1d1f; letter-spacing: 1px; text-transform: uppercase;\"><br \/>\n<span style=\"color: #00cc6a;\">\u25cf<\/span> SYSTEM V14: AKTIV<br \/>\n<\/span><br \/>\n<span style=\"font-size: 10px; color: #86868b; font-weight: 600;\">GEPR\u00dcFT \ud83d\udee1\ufe0f<\/span><\/div>\n<div style=\"padding: 15px;\"><strong style=\"display: block; font-size: 15px; color: #1d1d1f; margin-bottom: 5px; line-height: 1.3;\"><br \/>\nDas Sicherheitsprotokoll, das in der Box enthalten sein sollte.<br \/>\n<\/strong><\/p>\n<p style=\"font-size: 13px; color: #6e6e73; margin: 0 0 15px 0; line-height: 1.4;\">Eliminiert die \"Bro-Wissenschaft\". Exakte Mathematik auf dem Pr\u00fcfstand und Schadensbegrenzung auf klinischem Niveau.<\/p>\n<div style=\"display: grid; grid-template-columns: 1fr 1fr; gap: 8px; margin-bottom: 15px;\">\n<div style=\"background: #fbfbfd; border: 1px solid #efeff0; padding: 8px; border-radius: 6px; display: flex; align-items: center; gap: 8px;\"><span style=\"font-size: 16px;\">\ud83d\udcd8<\/span><br \/>\n<span style=\"font-size: 11px; font-weight: 600; color: #333;\">PDF Master V14<\/span><\/div>\n<div style=\"background: #fbfbfd; border: 1px solid #efeff0; padding: 8px; border-radius: 6px; display: flex; align-items: center; gap: 8px;\"><span style=\"font-size: 16px;\">\ud83e\uddee<\/span><br \/>\n<span style=\"font-size: 11px; font-weight: 600; color: #333;\">Berechnung. Dosen<\/span><\/div>\n<div style=\"background: #fbfbfd; border: 1px solid #efeff0; padding: 8px; border-radius: 6px; display: flex; align-items: center; gap: 8px;\"><span style=\"font-size: 16px;\">\ud83d\udcf1<\/span><br \/>\n<span style=\"font-size: 11px; font-weight: 600; color: #333;\">App-Checkliste<\/span><\/div>\n<div style=\"background: #fbfbfd; border: 1px solid #efeff0; padding: 8px; border-radius: 6px; display: flex; align-items: center; gap: 8px;\"><span style=\"font-size: 16px;\">\ud83d\udc89<\/span><br \/>\n<span style=\"font-size: 11px; font-weight: 600; color: #333;\">Spritzenf\u00fchrer<\/span><\/div>\n<\/div>\n<p style=\"font-size: 9px; color: #999; margin: 0; line-height: 1.3; text-align: justify; border-top: 1px solid #eee; padding-top: 10px;\">\u26a0\ufe0f <strong>Cool:<\/strong> Reines Lehr- und Forschungsmaterial. Wir verkaufen keine Pr\u00e4parate. Stellt keine medizinische Beratung dar.<\/p>\n<\/div>\n<\/div>","protected":false},"featured_media":5179,"comment_status":"open","ping_status":"closed","template":"","meta":{"_acf_changed":false,"site-sidebar-layout":"default","site-content-layout":"","ast-site-content-layout":"default","site-content-style":"default","site-sidebar-style":"default","ast-global-header-display":"","ast-banner-title-visibility":"","ast-main-header-display":"","ast-hfb-above-header-display":"","ast-hfb-below-header-display":"","ast-hfb-mobile-header-display":"","site-post-title":"","ast-breadcrumbs-content":"","ast-featured-img":"","footer-sml-layout":"","ast-disable-related-posts":"","theme-transparent-header-meta":"default","adv-header-id-meta":"","stick-header-meta":"","header-above-stick-meta":"","header-main-stick-meta":"","header-below-stick-meta":"","astra-migrate-meta-layouts":"set","ast-page-background-enabled":"default","ast-page-background-meta":{"desktop":{"background-color":"","background-image":"","background-repeat":"repeat","background-position":"center center","background-size":"auto","background-attachment":"scroll","background-type":"","background-media":"","overlay-type":"","overlay-color":"","overlay-opacity":"","overlay-gradient":""},"tablet":{"background-color":"","background-image":"","background-repeat":"repeat","background-position":"center center","background-size":"auto","background-attachment":"scroll","background-type":"","background-media":"","overlay-type":"","overlay-color":"","overlay-opacity":"","overlay-gradient":""},"mobile":{"background-color":"","background-image":"","background-repeat":"repeat","background-position":"center center","background-size":"auto","background-attachment":"scroll","background-type":"","background-media":"","overlay-type":"","overlay-color":"","overlay-opacity":"","overlay-gradient":""}},"ast-content-background-meta":{"desktop":{"background-color":"var(--ast-global-color-5)","background-image":"","background-repeat":"repeat","background-position":"center center","background-size":"auto","background-attachment":"scroll","background-type":"","background-media":"","overlay-type":"","overlay-color":"","overlay-opacity":"","overlay-gradient":""},"tablet":{"background-color":"var(--ast-global-color-5)","background-image":"","background-repeat":"repeat","background-position":"center center","background-size":"auto","background-attachment":"scroll","background-type":"","background-media":"","overlay-type":"","overlay-color":"","overlay-opacity":"","overlay-gradient":""},"mobile":{"background-color":"var(--ast-global-color-5)","background-image":"","background-repeat":"repeat","background-position":"center center","background-size":"auto","background-attachment":"scroll","background-type":"","background-media":"","overlay-type":"","overlay-color":"","overlay-opacity":"","overlay-gradient":""}}},"product_brand":[],"product_cat":[197],"product_tag":[],"class_list":{"0":"post-3860","1":"product","2":"type-product","3":"status-publish","4":"has-post-thumbnail","6":"product_cat-uncategorized","7":"desktop-align-left","8":"tablet-align-left","9":"mobile-align-left","10":"ast-product-gallery-layout-horizontal-slider","11":"ast-product-gallery-with-no-image","12":"ast-product-single-variable","13":"ast-product-tabs-layout-horizontal","15":"first","16":"instock","17":"shipping-taxable","18":"purchasable","19":"product-type-variable","20":"has-default-attributes"},"acf":[],"_links":{"self":[{"href":"https:\/\/subject157.com\/de\/wp-json\/wp\/v2\/product\/3860","targetHints":{"allow":["GET"]}}],"collection":[{"href":"https:\/\/subject157.com\/de\/wp-json\/wp\/v2\/product"}],"about":[{"href":"https:\/\/subject157.com\/de\/wp-json\/wp\/v2\/types\/product"}],"replies":[{"embeddable":true,"href":"https:\/\/subject157.com\/de\/wp-json\/wp\/v2\/comments?post=3860"}],"wp:featuredmedia":[{"embeddable":true,"href":"https:\/\/subject157.com\/de\/wp-json\/wp\/v2\/media\/5179"}],"wp:attachment":[{"href":"https:\/\/subject157.com\/de\/wp-json\/wp\/v2\/media?parent=3860"}],"wp:term":[{"taxonomy":"product_brand","embeddable":true,"href":"https:\/\/subject157.com\/de\/wp-json\/wp\/v2\/product_brand?post=3860"},{"taxonomy":"product_cat","embeddable":true,"href":"https:\/\/subject157.com\/de\/wp-json\/wp\/v2\/product_cat?post=3860"},{"taxonomy":"product_tag","embeddable":true,"href":"https:\/\/subject157.com\/de\/wp-json\/wp\/v2\/product_tag?post=3860"}],"curies":[{"name":"wp","href":"https:\/\/api.w.org\/{rel}","templated":true}]}}