{"id":6828,"date":"2026-01-28T01:36:28","date_gmt":"2026-01-28T01:36:28","guid":{"rendered":"https:\/\/subject157.com\/?page_id=6828"},"modified":"2026-02-11T00:49:40","modified_gmt":"2026-02-11T00:49:40","slug":"home-teste","status":"publish","type":"page","link":"https:\/\/subject157.com\/pl\/test-domowy\/","title":{"rendered":"test domowy"},"content":{"rendered":"<div data-elementor-type=\"wp-page\" data-elementor-id=\"6828\" class=\"elementor elementor-6828\" data-elementor-post-type=\"page\">\n\t\t\t\t<div class=\"elementor-element elementor-element-4748dfa3 s157-white s157-sec s157-sec--origin s157-anchor--origin e-flex e-con-boxed e-con e-parent\" data-id=\"4748dfa3\" data-element_type=\"container\">\n\t\t\t\t\t<div class=\"e-con-inner\">\n\t\t<div class=\"elementor-element elementor-element-62183336 s157-origin__sec__head e-flex e-con-boxed e-con e-child\" data-id=\"62183336\" data-element_type=\"container\">\n\t\t\t\t\t<div class=\"e-con-inner\">\n\t\t<div class=\"elementor-element elementor-element-39648c8e e-con-full s157-origin__railbar s157-railbar e-flex e-con e-child\" data-id=\"39648c8e\" data-element_type=\"container\">\n\t\t\t\t<div class=\"elementor-element elementor-element-38ed2678 s157-origin__railpill s157-origin__chip s157-railchip s157-railpill elementor-widget elementor-widget-button\" data-id=\"38ed2678\" data-element_type=\"widget\" data-widget_type=\"button.default\">\n\t\t\t\t<div class=\"elementor-widget-container\">\n\t\t\t\t\t\t\t\t\t<div class=\"elementor-button-wrapper\">\n\t\t\t\t\t<a class=\"elementor-button elementor-button-link elementor-size-sm\" href=\"#\">\n\t\t\t\t\t\t<span class=\"elementor-button-content-wrapper\">\n\t\t\t\t\t\t\t\t\t<span class=\"elementor-button-text\">\/\/\/ PONIEWA\u017b TEMAT 157<\/span>\n\t\t\t\t\t<\/span>\n\t\t\t\t\t<\/a>\n\t\t\t\t<\/div>\n\t\t\t\t\t\t\t\t<\/div>\n\t\t\t\t<\/div>\n\t\t<div class=\"elementor-element elementor-element-6e215c9a s157-origin__laser s157-raillaser e-flex e-con-boxed e-con e-child\" data-id=\"6e215c9a\" data-element_type=\"container\">\n\t\t\t\t\t<div class=\"e-con-inner\">\n\t\t\t\t\t<\/div>\n\t\t\t\t<\/div>\n\t\t\t\t<\/div>\n\t\t\t\t\t<\/div>\n\t\t\t\t<\/div>\n\t\t\t\t\t<\/div>\n\t\t\t\t<\/div>\n\t\t<div class=\"elementor-element elementor-element-73098df0 s157-railbar-pack s157-sec s157-sec--railbars-demo s157-node s157-node--61cd89b e-flex e-con-boxed e-con e-parent\" data-id=\"73098df0\" data-element_type=\"container\">\n\t\t\t\t\t<div class=\"e-con-inner\">\n\t\t\t\t<div class=\"elementor-element elementor-element-27b34548 s157-railbar-pack__title s157-node s157-node--af93cda elementor-widget elementor-widget-heading\" data-id=\"27b34548\" data-element_type=\"widget\" data-widget_type=\"heading.default\">\n\t\t\t\t<div class=\"elementor-widget-container\">\n\t\t\t\t\t<h2 class=\"elementor-heading-title elementor-size-h3\">S157 \u2014 Railbars (x7) \u2014 ORIGIN clone<\/h2>\t\t\t\t<\/div>\n\t\t\t\t<\/div>\n\t\t<div class=\"elementor-element elementor-element-1a39a642 s157-origin__railbar s157-railbar s157-railbar--why s157-node s157-node--aec0fab e-flex e-con-boxed e-con e-child\" data-id=\"1a39a642\" data-element_type=\"container\">\n\t\t\t\t\t<div class=\"e-con-inner\">\n\t\t\t\t<div class=\"elementor-element elementor-element-1ed00a25 s157-railbtn s157-railpill elementor-widget elementor-widget-button\" data-id=\"1ed00a25\" data-element_type=\"widget\" data-widget_type=\"button.default\">\n\t\t\t\t<div class=\"elementor-widget-container\">\n\t\t\t\t\t\t\t\t\t<div class=\"elementor-button-wrapper\">\n\t\t\t\t\t<a class=\"elementor-button elementor-size-sm\" role=\"button\">\n\t\t\t\t\t\t<span class=\"elementor-button-content-wrapper\">\n\t\t\t\t\t\t\t\t\t<span class=\"elementor-button-text\">\/\/\/ PONIEWA\u017b TEMAT 157<\/span>\n\t\t\t\t\t<\/span>\n\t\t\t\t\t<\/a>\n\t\t\t\t<\/div>\n\t\t\t\t\t\t\t\t<\/div>\n\t\t\t\t<\/div>\n\t\t<div class=\"elementor-element elementor-element-1447e240 e-con-full s157-origin__laser s157-raillaser s157-raillaser--why s157-node s157-node--2025544 e-flex e-con e-child\" data-id=\"1447e240\" data-element_type=\"container\">\n\t\t\t\t<\/div>\n\t\t\t\t\t<\/div>\n\t\t\t\t<\/div>\n\t\t<div class=\"elementor-element elementor-element-33816fef s157-origin__railbar s157-railbar s157-railbar--core s157-node s157-node--8e0c19f e-flex e-con-boxed e-con e-child\" data-id=\"33816fef\" data-element_type=\"container\">\n\t\t\t\t\t<div class=\"e-con-inner\">\n\t\t\t\t<div class=\"elementor-element elementor-element-712642e9 s157-railbtn s157-railpill elementor-widget elementor-widget-button\" data-id=\"712642e9\" data-element_type=\"widget\" data-widget_type=\"button.default\">\n\t\t\t\t<div class=\"elementor-widget-container\">\n\t\t\t\t\t\t\t\t\t<div class=\"elementor-button-wrapper\">\n\t\t\t\t\t<a class=\"elementor-button elementor-size-sm\" role=\"button\">\n\t\t\t\t\t\t<span class=\"elementor-button-content-wrapper\">\n\t\t\t\t\t\t\t\t\t<span class=\"elementor-button-text\">\/\/\/ PODSTAWOWE MODU\u0141Y<\/span>\n\t\t\t\t\t<\/span>\n\t\t\t\t\t<\/a>\n\t\t\t\t<\/div>\n\t\t\t\t\t\t\t\t<\/div>\n\t\t\t\t<\/div>\n\t\t<div class=\"elementor-element elementor-element-14f630d6 e-con-full s157-origin__laser s157-raillaser s157-raillaser--core s157-node s157-node--ddcd705 e-flex e-con e-child\" data-id=\"14f630d6\" data-element_type=\"container\">\n\t\t\t\t<\/div>\n\t\t\t\t\t<\/div>\n\t\t\t\t<\/div>\n\t\t<div class=\"elementor-element elementor-element-63fefc7c s157-origin__railbar s157-railbar s157-railbar--gain s157-node s157-node--ed9aa73 e-flex e-con-boxed e-con e-child\" data-id=\"63fefc7c\" data-element_type=\"container\">\n\t\t\t\t\t<div class=\"e-con-inner\">\n\t\t\t\t<div class=\"elementor-element elementor-element-7c043ede s157-railbtn s157-railpill elementor-widget elementor-widget-button\" data-id=\"7c043ede\" data-element_type=\"widget\" data-widget_type=\"button.default\">\n\t\t\t\t<div class=\"elementor-widget-container\">\n\t\t\t\t\t\t\t\t\t<div class=\"elementor-button-wrapper\">\n\t\t\t\t\t<a class=\"elementor-button elementor-size-sm\" role=\"button\">\n\t\t\t\t\t\t<span class=\"elementor-button-content-wrapper\">\n\t\t\t\t\t\t\t\t\t<span class=\"elementor-button-text\">\/\/\/ WZMOCNIENIE OPERACYJNE<\/span>\n\t\t\t\t\t<\/span>\n\t\t\t\t\t<\/a>\n\t\t\t\t<\/div>\n\t\t\t\t\t\t\t\t<\/div>\n\t\t\t\t<\/div>\n\t\t<div class=\"elementor-element elementor-element-7d6eaef5 e-con-full s157-origin__laser s157-raillaser s157-raillaser--gain s157-node s157-node--5efea31 e-flex e-con e-child\" data-id=\"7d6eaef5\" data-element_type=\"container\">\n\t\t\t\t<\/div>\n\t\t\t\t\t<\/div>\n\t\t\t\t<\/div>\n\t\t<div class=\"elementor-element elementor-element-172e331b s157-origin__railbar s157-railbar s157-railbar--intel s157-node s157-node--dc678d0 e-flex e-con-boxed e-con e-child\" data-id=\"172e331b\" data-element_type=\"container\">\n\t\t\t\t\t<div class=\"e-con-inner\">\n\t\t\t\t<div class=\"elementor-element elementor-element-6713d414 s157-railbtn s157-railpill elementor-widget elementor-widget-button\" data-id=\"6713d414\" data-element_type=\"widget\" data-widget_type=\"button.default\">\n\t\t\t\t<div class=\"elementor-widget-container\">\n\t\t\t\t\t\t\t\t\t<div class=\"elementor-button-wrapper\">\n\t\t\t\t\t<a class=\"elementor-button elementor-size-sm\" role=\"button\">\n\t\t\t\t\t\t<span class=\"elementor-button-content-wrapper\">\n\t\t\t\t\t\t\t\t\t<span class=\"elementor-button-text\">\/\/\/ KANA\u0141 INFORMACYJNY - NA BIE\u017b\u0104CO<\/span>\n\t\t\t\t\t<\/span>\n\t\t\t\t\t<\/a>\n\t\t\t\t<\/div>\n\t\t\t\t\t\t\t\t<\/div>\n\t\t\t\t<\/div>\n\t\t<div class=\"elementor-element elementor-element-5f00e360 e-con-full s157-origin__laser s157-raillaser s157-raillaser--intel s157-node s157-node--d026f66 e-flex e-con e-child\" data-id=\"5f00e360\" data-element_type=\"container\">\n\t\t\t\t<\/div>\n\t\t\t\t\t<\/div>\n\t\t\t\t<\/div>\n\t\t<div class=\"elementor-element elementor-element-2c8c676a s157-origin__railbar s157-railbar s157-railbar--application s157-node s157-node--936c3d6 e-flex e-con-boxed e-con e-child\" data-id=\"2c8c676a\" data-element_type=\"container\">\n\t\t\t\t\t<div class=\"e-con-inner\">\n\t\t\t\t<div class=\"elementor-element elementor-element-398fd3e7 s157-railbtn s157-railpill elementor-widget elementor-widget-button\" data-id=\"398fd3e7\" data-element_type=\"widget\" data-widget_type=\"button.default\">\n\t\t\t\t<div class=\"elementor-widget-container\">\n\t\t\t\t\t\t\t\t\t<div class=\"elementor-button-wrapper\">\n\t\t\t\t\t<a class=\"elementor-button elementor-size-sm\" role=\"button\">\n\t\t\t\t\t\t<span class=\"elementor-button-content-wrapper\">\n\t\t\t\t\t\t\t\t\t<span class=\"elementor-button-text\">\/\/\/ APLIKACJA-METODOLOGIA<\/span>\n\t\t\t\t\t<\/span>\n\t\t\t\t\t<\/a>\n\t\t\t\t<\/div>\n\t\t\t\t\t\t\t\t<\/div>\n\t\t\t\t<\/div>\n\t\t<div class=\"elementor-element elementor-element-6b2bf214 e-con-full s157-origin__laser s157-raillaser s157-raillaser--application s157-node s157-node--abcaa58 e-flex e-con e-child\" data-id=\"6b2bf214\" data-element_type=\"container\">\n\t\t\t\t<\/div>\n\t\t\t\t\t<\/div>\n\t\t\t\t<\/div>\n\t\t<div class=\"elementor-element elementor-element-2128537f s157-origin__railbar s157-railbar s157-railbar--compat s157-node s157-node--c89e911 e-flex e-con-boxed e-con e-child\" data-id=\"2128537f\" data-element_type=\"container\">\n\t\t\t\t\t<div class=\"e-con-inner\">\n\t\t\t\t<div class=\"elementor-element elementor-element-3b7ab10 s157-railbtn s157-railpill elementor-widget elementor-widget-button\" data-id=\"3b7ab10\" data-element_type=\"widget\" data-widget_type=\"button.default\">\n\t\t\t\t<div class=\"elementor-widget-container\">\n\t\t\t\t\t\t\t\t\t<div class=\"elementor-button-wrapper\">\n\t\t\t\t\t<a class=\"elementor-button elementor-size-sm\" role=\"button\">\n\t\t\t\t\t\t<span class=\"elementor-button-content-wrapper\">\n\t\t\t\t\t\t\t\t\t<span class=\"elementor-button-text\">\/\/\/ KOMPATYBILNO\u015a\u0106<\/span>\n\t\t\t\t\t<\/span>\n\t\t\t\t\t<\/a>\n\t\t\t\t<\/div>\n\t\t\t\t\t\t\t\t<\/div>\n\t\t\t\t<\/div>\n\t\t<div class=\"elementor-element elementor-element-266be984 e-con-full s157-origin__laser s157-raillaser s157-raillaser--compat s157-node s157-node--1b213b8 e-flex e-con e-child\" data-id=\"266be984\" data-element_type=\"container\">\n\t\t\t\t<\/div>\n\t\t\t\t\t<\/div>\n\t\t\t\t<\/div>\n\t\t<div class=\"elementor-element elementor-element-17d10cc0 s157-origin__railbar s157-railbar s157-railbar--restricted s157-node s157-node--43d2a27 e-flex e-con-boxed e-con e-child\" data-id=\"17d10cc0\" data-element_type=\"container\">\n\t\t\t\t\t<div class=\"e-con-inner\">\n\t\t\t\t<div class=\"elementor-element elementor-element-3cdbcb3c s157-railbtn s157-railpill elementor-widget elementor-widget-button\" data-id=\"3cdbcb3c\" data-element_type=\"widget\" data-widget_type=\"button.default\">\n\t\t\t\t<div class=\"elementor-widget-container\">\n\t\t\t\t\t\t\t\t\t<div class=\"elementor-button-wrapper\">\n\t\t\t\t\t<a class=\"elementor-button elementor-size-sm\" role=\"button\">\n\t\t\t\t\t\t<span class=\"elementor-button-content-wrapper\">\n\t\t\t\t\t\t\t\t\t<span class=\"elementor-button-text\">\/\/\/ OGRANICZONY DOST\u0118P<\/span>\n\t\t\t\t\t<\/span>\n\t\t\t\t\t<\/a>\n\t\t\t\t<\/div>\n\t\t\t\t\t\t\t\t<\/div>\n\t\t\t\t<\/div>\n\t\t<div class=\"elementor-element elementor-element-6fc77647 e-con-full s157-origin__laser s157-raillaser s157-raillaser--restricted s157-node s157-node--278cbc8 e-flex e-con e-child\" data-id=\"6fc77647\" data-element_type=\"container\">\n\t\t\t\t<\/div>\n\t\t\t\t\t<\/div>\n\t\t\t\t<\/div>\n\t\t\t\t\t<\/div>\n\t\t\t\t<\/div>\n\t\t\t\t<\/div>","protected":false},"excerpt":{"rendered":"<p>\/\/\/ PORQUE O SUBJECT 157 S157 \u2014 Railbars (x7) \u2014 ORIGIN clone \/\/\/ PORQUE O SUBJECT 157 \/\/\/ CORE MODULES \/\/\/ GANHO OPERACIONAL \/\/\/ INTEL FEED \u2014 CURATED \/\/\/ APLICA\u00c7\u00c3O\u2011METODOL\u00d3GICA \/\/\/ COMPATIBILIDADE \/\/\/ RESTRICTED ACCESS<\/p>","protected":false},"author":1,"featured_media":0,"parent":0,"menu_order":0,"comment_status":"closed","ping_status":"closed","template":"","meta":{"_acf_changed":false,"site-sidebar-layout":"no-sidebar","site-content-layout":"page-builder","ast-site-content-layout":"full-width-container","site-content-style":"default","site-sidebar-style":"default","ast-global-header-display":"","ast-banner-title-visibility":"","ast-main-header-display":"","ast-hfb-above-header-display":"","ast-hfb-below-header-display":"","ast-hfb-mobile-header-display":"","site-post-title":"disabled","ast-breadcrumbs-content":"","ast-featured-img":"disabled","footer-sml-layout":"","ast-disable-related-posts":"","theme-transparent-header-meta":"default","adv-header-id-meta":"","stick-header-meta":"","header-above-stick-meta":"","header-main-stick-meta":"","header-below-stick-meta":"","astra-migrate-meta-layouts":"set","ast-page-background-enabled":"default","ast-page-background-meta":{"desktop":{"background-color":"","background-image":"","background-repeat":"repeat","background-position":"center center","background-size":"auto","background-attachment":"scroll","background-type":"","background-media":"","overlay-type":"","overlay-color":"","overlay-opacity":"","overlay-gradient":""},"tablet":{"background-color":"","background-image":"","background-repeat":"repeat","background-position":"center center","background-size":"auto","background-attachment":"scroll","background-type":"","background-media":"","overlay-type":"","overlay-color":"","overlay-opacity":"","overlay-gradient":""},"mobile":{"background-color":"","background-image":"","background-repeat":"repeat","background-position":"center center","background-size":"auto","background-attachment":"scroll","background-type":"","background-media":"","overlay-type":"","overlay-color":"","overlay-opacity":"","overlay-gradient":""}},"ast-content-background-meta":{"desktop":{"background-color":"var(--ast-global-color-5)","background-image":"","background-repeat":"repeat","background-position":"center center","background-size":"auto","background-attachment":"scroll","background-type":"","background-media":"","overlay-type":"","overlay-color":"","overlay-opacity":"","overlay-gradient":""},"tablet":{"background-color":"var(--ast-global-color-5)","background-image":"","background-repeat":"repeat","background-position":"center center","background-size":"auto","background-attachment":"scroll","background-type":"","background-media":"","overlay-type":"","overlay-color":"","overlay-opacity":"","overlay-gradient":""},"mobile":{"background-color":"var(--ast-global-color-5)","background-image":"","background-repeat":"repeat","background-position":"center center","background-size":"auto","background-attachment":"scroll","background-type":"","background-media":"","overlay-type":"","overlay-color":"","overlay-opacity":"","overlay-gradient":""}},"footnotes":""},"class_list":["post-6828","page","type-page","status-publish","hentry"],"acf":[],"_links":{"self":[{"href":"https:\/\/subject157.com\/pl\/wp-json\/wp\/v2\/pages\/6828","targetHints":{"allow":["GET"]}}],"collection":[{"href":"https:\/\/subject157.com\/pl\/wp-json\/wp\/v2\/pages"}],"about":[{"href":"https:\/\/subject157.com\/pl\/wp-json\/wp\/v2\/types\/page"}],"author":[{"embeddable":true,"href":"https:\/\/subject157.com\/pl\/wp-json\/wp\/v2\/users\/1"}],"replies":[{"embeddable":true,"href":"https:\/\/subject157.com\/pl\/wp-json\/wp\/v2\/comments?post=6828"}],"version-history":[{"count":0,"href":"https:\/\/subject157.com\/pl\/wp-json\/wp\/v2\/pages\/6828\/revisions"}],"wp:attachment":[{"href":"https:\/\/subject157.com\/pl\/wp-json\/wp\/v2\/media?parent=6828"}],"curies":[{"name":"wp","href":"https:\/\/api.w.org\/{rel}","templated":true}]}}